{"id":69,"date":"2018-10-23T18:11:52","date_gmt":"2018-10-23T16:11:52","guid":{"rendered":"https:\/\/pup.ph-noe.ac.at\/new\/?page_id=69"},"modified":"2021-02-13T18:39:31","modified_gmt":"2021-02-13T17:39:31","slug":"philosophieolympiade","status":"publish","type":"page","link":"https:\/\/pup.ph-noe.ac.at\/index.php\/philosophieolympiade\/","title":{"rendered":"Philosophie-Olympiade"},"content":{"rendered":"<h1>philosophischer Essay &#8211; Wettbewerb<\/h1>\n<h3>Dieser Wettbewerb beginnt in den Klassen an den Schulen, die Philosophie unterrichten, und endet mit einer Abschlussveranstaltung mit weltweiter, internationaler Beteiligung.<\/h3>\n<h3>Ablauf des Wettbewerbs<\/h3>\n<p>Wenn unter den Sch\u00fclerInnen und LehrerInnen Interesse besteht, k\u00f6nnen drei Sch\u00fclerInnen pro Schule angemeldet werden.<br \/>\nWie diese drei Sch\u00fclerInnen ermittelt werden, steht offen. Das kann zum Beispiel durch einen schulinternen Wettbewerb geschehen, den man in der Schule abh\u00e4lt, oder man l\u00e4sst die Texte zuhause verfassen.<\/p>\n<p>Die LehrerInnen werden auch gebeten, sich auf der \u00f6sterreichweiten Philolympics-Homepage anzumelden und dabei die Zahl aller Sch\u00fclerInnen, die an der Schule einen Essay verfassen, anzugeben!<br \/>\nBei der Themenstellung zum \u00dcben oder f\u00fcr interne Ausscheidungen kann man sich an den vergangenen Wettbewerben orientieren oder man nutzt die Themenstellungen der anderen Bundesl\u00e4nder, die meist im Oktober auf der Homepage der \u00d6sterreichischen Philolympics-Homepage ver\u00f6ffentlicht werden.<\/p>\n<p>Zus\u00e4tzlich besteht in Nieder\u00f6sterreich die M\u00f6glichkeit eines speziellen Trainings im &#8222;Essaykurs&#8220;.<\/p>\n<h3>Essaykurs in Drosendorf<\/h3>\n<p>Im Oktober findet f\u00fcr Interessierte in Drosendorf ein Intensivkurs zum Essayschreiben statt. Die offizielle Ausschreibung erfolgt durch den Landesschulrat an die entsprechenden Schulen. Darin befinden sich auch die notwendigen Anmeldeunterlagen.<br \/>\nDie Organisatoren freuen sich \u00fcber m\u00f6glichst zahlreiche Anmeldungen interessierter Oberstufensch\u00fcler!<\/p>\n<h3>Nieder\u00f6sterreichische Philosophieolympiade<\/h3>\n<p>Im J\u00e4nner findet als n\u00e4chste Stufe der nieder\u00f6sterreichische Landeswettbewerb statt. Den Sch\u00fclern erwachsen, sofern sie \u00fcber ein Top-Jugendticket verf\u00fcgen und \u00f6ffentlich anreisen, keine Kosten! \u00dcbernachtung und Verpflegung sowie respektable Preisgelder k\u00f6nnen dank unserer Sponsoren gedeckt werden. Die Pl\u00e4tze sind allerdings beschr\u00e4nkt, eine Anmeldung bis Weihnachten \u2013 zumindest die Angabe der Zahl an voraussichtlich teilnehmenden Sch\u00fclern pro Schule \u2013 ist daher unbedingt erforderlich (per E-Mail an\u00a0<a href=\"mailto:rudolf.poelzer@univie.ac.at\">rudolf.poelzer@univie.ac.at<\/a>).<\/p>\n<p>Die VerfasserInnen der drei besten Essays werden weiter in den \u00f6sterreichweiten Wettbewerb entsandt. Die zwei Besten aus diesem haben wiederum die M\u00f6glichkeit, an der Internationalen Philosophieolympiade teilzunehmen.<\/p>\n<p>Text: MMag. Rudolf P\u00f6lzer &amp; Ludwig Prickler<\/p>\n<h2>Ergebnisse der Philosophie-Olympiade <a href=\"https:\/\/pup.ph-noe.ac.at\/index.php\/das-war-die-philosophie-olympiade\/\">2021<\/a><\/h2>\n<h3>weitere Links<\/h3>\n<p><a href=\"http:\/\/www.philosophy-olympiad.org\/\" target=\"_blank\" rel=\"noopener noreferrer\">International Philosophy Olympiad<\/a><\/p>\n<p><a href=\"https:\/\/www.philolympics.at\" target=\"_blank\" rel=\"noopener noreferrer\">\u00d6sterreichische PhilosophieOlympiade<\/a><\/p>\n<p><!-- \/wp:paragraph --><\/p>\n","protected":false},"excerpt":{"rendered":"<p>philosophischer Essay &#8211; Wettbewerb Dieser Wettbewerb beginnt in den Klassen an den Schulen, die Philosophie unterrichten, und endet mit einer Abschlussveranstaltung mit weltweiter, internationaler Beteiligung. Ablauf des Wettbewerbs Wenn unter den Sch\u00fclerInnen und LehrerInnen Interesse besteht, k\u00f6nnen drei Sch\u00fclerInnen pro Schule angemeldet werden. Wie diese drei Sch\u00fclerInnen ermittelt werden, steht offen. Das kann zum Beispiel &hellip; <\/p>\n<p class=\"link-more\"><a href=\"https:\/\/pup.ph-noe.ac.at\/index.php\/philosophieolympiade\/\" class=\"more-link\"><span class=\"screen-reader-text\">\u201ePhilosophie-Olympiade\u201c<\/span> weiterlesen<\/a><\/p>\n","protected":false},"author":2,"featured_media":0,"parent":0,"menu_order":0,"comment_status":"closed","ping_status":"closed","template":"","meta":{"footnotes":""},"class_list":["post-69","page","type-page","status-publish","hentry"],"_links":{"self":[{"href":"https:\/\/pup.ph-noe.ac.at\/index.php\/wp-json\/wp\/v2\/pages\/69","targetHints":{"allow":["GET"]}}],"collection":[{"href":"https:\/\/pup.ph-noe.ac.at\/index.php\/wp-json\/wp\/v2\/pages"}],"about":[{"href":"https:\/\/pup.ph-noe.ac.at\/index.php\/wp-json\/wp\/v2\/types\/page"}],"author":[{"embeddable":true,"href":"https:\/\/pup.ph-noe.ac.at\/index.php\/wp-json\/wp\/v2\/users\/2"}],"replies":[{"embeddable":true,"href":"https:\/\/pup.ph-noe.ac.at\/index.php\/wp-json\/wp\/v2\/comments?post=69"}],"version-history":[{"count":15,"href":"https:\/\/pup.ph-noe.ac.at\/index.php\/wp-json\/wp\/v2\/pages\/69\/revisions"}],"predecessor-version":[{"id":484,"href":"https:\/\/pup.ph-noe.ac.at\/index.php\/wp-json\/wp\/v2\/pages\/69\/revisions\/484"}],"wp:attachment":[{"href":"https:\/\/pup.ph-noe.ac.at\/index.php\/wp-json\/wp\/v2\/media?parent=69"}],"curies":[{"name":"wp","href":"https:\/\/api.w.org\/{rel}","templated":true}]}}