{"id":18,"date":"2018-10-23T17:55:32","date_gmt":"2018-10-23T15:55:32","guid":{"rendered":"https:\/\/pup.ph-noe.ac.at\/new\/?page_id=18"},"modified":"2025-09-30T17:11:22","modified_gmt":"2025-09-30T15:11:22","slug":"startseite-2","status":"publish","type":"page","link":"https:\/\/pup.ph-noe.ac.at\/","title":{"rendered":"Startseite"},"content":{"rendered":"<h3>Die Arbeitsgemeinschaft f\u00fcr Psychologie und Philosophie in Nieder\u00f6sterreich ist die Vertretung der PuP-Lehrkr\u00e4fte.<br \/>\nVon uns werden Fortbildungsveranstaltungen der Bildungsdirektion Nieder\u00f6sterreich angeregt und gegebenenfalls auch organisiert.<br \/>\nDie Arge-PuP ist Anlaufstelle f\u00fcr W\u00fcnsche, Ideen und Fragen, die mit dem Unterricht aus Psychologie und Philosophie zusammenh\u00e4ngen.<\/h3>\n<h3>Berichte und Material zu unseren Seminaren finden sich <a href=\"https:\/\/moodle.ph-noe.ac.at\/ph-noe\/course\/view.php?id=718\" target=\"_blank\" rel=\"noopener\">unter diesem LINK<\/a>, die Anmeldung erfolgt mit dem Passwort von &#8222;ph-online&#8220;.<\/h3>\n<p><!-- \/wp:paragraph --><\/p>\n","protected":false},"excerpt":{"rendered":"<p>Die Arbeitsgemeinschaft f\u00fcr Psychologie und Philosophie in Nieder\u00f6sterreich ist die Vertretung der PuP-Lehrkr\u00e4fte. Von uns werden Fortbildungsveranstaltungen der Bildungsdirektion Nieder\u00f6sterreich angeregt und gegebenenfalls auch organisiert. Die Arge-PuP ist Anlaufstelle f\u00fcr W\u00fcnsche, Ideen und Fragen, die mit dem Unterricht aus Psychologie und Philosophie zusammenh\u00e4ngen. Berichte und Material zu unseren Seminaren finden sich unter diesem LINK, die &hellip; <\/p>\n<p class=\"link-more\"><a href=\"https:\/\/pup.ph-noe.ac.at\/\" class=\"more-link\"><span class=\"screen-reader-text\">\u201eStartseite\u201c<\/span> weiterlesen<\/a><\/p>\n","protected":false},"author":1,"featured_media":142,"parent":0,"menu_order":0,"comment_status":"closed","ping_status":"closed","template":"","meta":{"footnotes":""},"class_list":["post-18","page","type-page","status-publish","has-post-thumbnail","hentry"],"_links":{"self":[{"href":"https:\/\/pup.ph-noe.ac.at\/index.php\/wp-json\/wp\/v2\/pages\/18","targetHints":{"allow":["GET"]}}],"collection":[{"href":"https:\/\/pup.ph-noe.ac.at\/index.php\/wp-json\/wp\/v2\/pages"}],"about":[{"href":"https:\/\/pup.ph-noe.ac.at\/index.php\/wp-json\/wp\/v2\/types\/page"}],"author":[{"embeddable":true,"href":"https:\/\/pup.ph-noe.ac.at\/index.php\/wp-json\/wp\/v2\/users\/1"}],"replies":[{"embeddable":true,"href":"https:\/\/pup.ph-noe.ac.at\/index.php\/wp-json\/wp\/v2\/comments?post=18"}],"version-history":[{"count":24,"href":"https:\/\/pup.ph-noe.ac.at\/index.php\/wp-json\/wp\/v2\/pages\/18\/revisions"}],"predecessor-version":[{"id":620,"href":"https:\/\/pup.ph-noe.ac.at\/index.php\/wp-json\/wp\/v2\/pages\/18\/revisions\/620"}],"wp:featuredmedia":[{"embeddable":true,"href":"https:\/\/pup.ph-noe.ac.at\/index.php\/wp-json\/wp\/v2\/media\/142"}],"wp:attachment":[{"href":"https:\/\/pup.ph-noe.ac.at\/index.php\/wp-json\/wp\/v2\/media?parent=18"}],"curies":[{"name":"wp","href":"https:\/\/api.w.org\/{rel}","templated":true}]}}